{"id":209,"date":"2023-11-29T11:09:18","date_gmt":"2023-11-29T11:09:18","guid":{"rendered":"https:\/\/schmidfinanz.pixelmarketing.eu\/?page_id=209"},"modified":"2023-11-29T11:11:49","modified_gmt":"2023-11-29T11:11:49","slug":"startseite-2","status":"publish","type":"page","link":"https:\/\/schmidfinanz.de\/","title":{"rendered":"Startseite"},"content":{"rendered":"\t\t<div data-elementor-type=\"wp-page\" data-elementor-id=\"209\" class=\"elementor elementor-209\">\n\t\t\t\t\t\t\t<div class=\"elementor-element elementor-element-4f15bc1 e-flex e-con-boxed e-con e-parent\" data-id=\"4f15bc1\" data-element_type=\"container\" data-settings=\"{&quot;content_width&quot;:&quot;boxed&quot;}\" data-core-v316-plus=\"true\">\n\t\t\t\t\t<div class=\"e-con-inner\">\n\t\t<div class=\"elementor-element elementor-element-7b546d9 e-con-full e-flex e-con e-child\" data-id=\"7b546d9\" data-element_type=\"container\" data-settings=\"{&quot;content_width&quot;:&quot;full&quot;}\">\n\t\t\t\t<div class=\"elementor-element elementor-element-7bce616 elementor-widget elementor-widget-image\" data-id=\"7bce616\" data-element_type=\"widget\" data-widget_type=\"image.default\">\n\t\t\t\t<div class=\"elementor-widget-container\">\n\t\t\t<style>\/*! elementor - v3.17.0 - 08-11-2023 *\/\n.elementor-widget-image{text-align:center}.elementor-widget-image a{display:inline-block}.elementor-widget-image a img[src$=\".svg\"]{width:48px}.elementor-widget-image img{vertical-align:middle;display:inline-block}<\/style>\t\t\t\t\t\t\t\t\t\t\t\t<img fetchpriority=\"high\" decoding=\"async\" width=\"732\" height=\"1024\" src=\"https:\/\/schmidfinanz.de\/wp-content\/uploads\/2023\/11\/63a7dcf4-1837-436b-90e5-e384cb80a5ed-1-732x1024.jpg\" class=\"attachment-large size-large wp-image-41\" alt=\"\" srcset=\"https:\/\/schmidfinanz.de\/wp-content\/uploads\/2023\/11\/63a7dcf4-1837-436b-90e5-e384cb80a5ed-1-732x1024.jpg 732w, https:\/\/schmidfinanz.de\/wp-content\/uploads\/2023\/11\/63a7dcf4-1837-436b-90e5-e384cb80a5ed-1-214x300.jpg 214w, https:\/\/schmidfinanz.de\/wp-content\/uploads\/2023\/11\/63a7dcf4-1837-436b-90e5-e384cb80a5ed-1-768x1075.jpg 768w, https:\/\/schmidfinanz.de\/wp-content\/uploads\/2023\/11\/63a7dcf4-1837-436b-90e5-e384cb80a5ed-1.jpg 1001w\" sizes=\"(max-width: 732px) 100vw, 732px\" \/>\t\t\t\t\t\t\t\t\t\t\t\t\t\t\t<\/div>\n\t\t\t\t<\/div>\n\t\t\t\t<\/div>\n\t\t<div class=\"elementor-element elementor-element-e9ef67b e-con-full e-flex e-con e-child\" data-id=\"e9ef67b\" data-element_type=\"container\" data-settings=\"{&quot;content_width&quot;:&quot;full&quot;}\">\n\t\t\t\t<div class=\"elementor-element elementor-element-87bcc1d elementor-widget elementor-widget-heading\" data-id=\"87bcc1d\" data-element_type=\"widget\" data-widget_type=\"heading.default\">\n\t\t\t\t<div class=\"elementor-widget-container\">\n\t\t\t<style>\/*! elementor - v3.17.0 - 08-11-2023 *\/\n.elementor-heading-title{padding:0;margin:0;line-height:1}.elementor-widget-heading .elementor-heading-title[class*=elementor-size-]>a{color:inherit;font-size:inherit;line-height:inherit}.elementor-widget-heading .elementor-heading-title.elementor-size-small{font-size:15px}.elementor-widget-heading .elementor-heading-title.elementor-size-medium{font-size:19px}.elementor-widget-heading .elementor-heading-title.elementor-size-large{font-size:29px}.elementor-widget-heading .elementor-heading-title.elementor-size-xl{font-size:39px}.elementor-widget-heading .elementor-heading-title.elementor-size-xxl{font-size:59px}<\/style><h2 class=\"elementor-heading-title elementor-size-default\">Willkommen auf meiner Homepage!<\/h2>\t\t<\/div>\n\t\t\t\t<\/div>\n\t\t\t\t<div class=\"elementor-element elementor-element-3d03a5b elementor-widget elementor-widget-text-editor\" data-id=\"3d03a5b\" data-element_type=\"widget\" data-widget_type=\"text-editor.default\">\n\t\t\t\t<div class=\"elementor-widget-container\">\n\t\t\t<style>\/*! elementor - v3.17.0 - 08-11-2023 *\/\n.elementor-widget-text-editor.elementor-drop-cap-view-stacked .elementor-drop-cap{background-color:#69727d;color:#fff}.elementor-widget-text-editor.elementor-drop-cap-view-framed .elementor-drop-cap{color:#69727d;border:3px solid;background-color:transparent}.elementor-widget-text-editor:not(.elementor-drop-cap-view-default) .elementor-drop-cap{margin-top:8px}.elementor-widget-text-editor:not(.elementor-drop-cap-view-default) .elementor-drop-cap-letter{width:1em;height:1em}.elementor-widget-text-editor .elementor-drop-cap{float:left;text-align:center;line-height:1;font-size:50px}.elementor-widget-text-editor .elementor-drop-cap-letter{display:inline-block}<\/style>\t\t\t\t<p style=\"font-weight: 400;\">Nach \u00fcber 44 Jahren &nbsp;im aufregenden Berufsleben als Finanzberater&nbsp;bin ich jetzt in der \u00dcbergangsphase zum Ruhestand.&nbsp;<span style=\"color: var( --e-global-color-text ); font-family: var( --e-global-typography-text-font-family ), Sans-serif; text-align: var(--text-align); font-size: 1rem;\">Diese Zeit des \u00dcbergangs ist f\u00fcr mich nicht nur ein Abschied von der t\u00e4glichen Arbeit, sondern erlaubt mir auch einen Blick zur\u00fcck auf meine tats\u00e4chlich vielf\u00e4ltige T\u00e4tigkeit, die manche H\u00f6hen und Tiefen f\u00fcr mich bereitgehalten hat.<\/span><\/p>\n<p style=\"font-weight: 400;\">Die Finanzwelt war und ist einem st\u00e4ndigen Wandel unterzogen. Jede Krise war Herausforderung und Chance zugleich.&nbsp;<span style=\"color: var( --e-global-color-text ); font-family: var( --e-global-typography-text-font-family ), Sans-serif; text-align: var(--text-align); font-size: 1rem;\">Als Finanzberater war ich st\u00e4ndig auf der Suche nach verl\u00e4sslichen Partnern und zuverl\u00e4ssigen Anbietern lukrativer &nbsp;Kapitalanlagen.<\/span><\/p>\n<p style=\"font-weight: 400;\">Durch unz\u00e4hlige Angebotspr\u00fcfungen, Verhandlungen mit Partnern und Anbietern, verschiedenste Kalkulationen und die darauf folgende Umsetzung im individuellen Beratungsgespr\u00e4ch konnte ich mich st\u00e4ndig weiterentwickeln. &nbsp;<\/p>\n<p style=\"font-weight: 400;\">Die Erf\u00fcllung all dieser Aufgaben haben mir nicht nur fachliche Expertise eingebracht, sondern auch eine gro\u00dfe Portion Lebenserfahrung.&nbsp;<span style=\"color: var( --e-global-color-text ); font-family: var( --e-global-typography-text-font-family ), Sans-serif; text-align: var(--text-align); font-size: 1rem;\">Menschen zu begleiten und sie beim Erreichen ihrer finanziellen Ziele zu unterst\u00fctzen, war &nbsp;stets meine gr\u00f6\u00dfte Motivation.<\/span><\/p>\n<p style=\"font-weight: 400;\">R\u00fcckblickend bin ich besonders dankbar f\u00fcr die vielen wertvollen Begegnungen und besonders f\u00fcr die Freundschaften, die sich im Laufe meines Berufslebens entwickelt haben. Aus manchen Kunden und Kollegen wurden auch Freunde f\u00fcrs Leben.<\/p>\n<p style=\"font-weight: 400;\">Mein Dank gilt allen, die mich auf meinem Weg unterst\u00fctzt haben und vor allem denen, die auch in schwierigen Zeiten zu mir gehalten haben.&nbsp;<span style=\"color: var( --e-global-color-text ); font-family: var( --e-global-typography-text-font-family ), Sans-serif; text-align: var(--text-align); font-size: 1rem;\">Das war es aber noch nicht ganz. Ich werde der Finanzwelt weiter treu bleiben und mein Wissen gerne auch in Zukunft weitergeben, dann aber als Privatperson und nur noch an Freunde und Bekannte und gerne bei einem Gl\u00e4schen Wein.<\/span><\/p>\t\t\t\t\t\t<\/div>\n\t\t\t\t<\/div>\n\t\t\t\t<\/div>\n\t\t\t\t\t<\/div>\n\t\t\t\t<\/div>\n\t\t\t\t\t\t\t<\/div>\n\t\t","protected":false},"excerpt":{"rendered":"<p>Willkommen auf meiner Homepage! Nach \u00fcber 44 Jahren &nbsp;im aufregenden Berufsleben als Finanzberater&nbsp;bin ich jetzt in der \u00dcbergangsphase zum Ruhestand.&nbsp;Diese Zeit des \u00dcbergangs ist f\u00fcr mich nicht nur ein Abschied von der t\u00e4glichen Arbeit, sondern erlaubt mir auch einen Blick zur\u00fcck auf meine tats\u00e4chlich vielf\u00e4ltige T\u00e4tigkeit, die manche H\u00f6hen und Tiefen f\u00fcr mich bereitgehalten hat. [&hellip;]<\/p>\n","protected":false},"author":1,"featured_media":0,"parent":0,"menu_order":0,"comment_status":"closed","ping_status":"closed","template":"","meta":{"footnotes":""},"_links":{"self":[{"href":"https:\/\/schmidfinanz.de\/index.php?rest_route=\/wp\/v2\/pages\/209"}],"collection":[{"href":"https:\/\/schmidfinanz.de\/index.php?rest_route=\/wp\/v2\/pages"}],"about":[{"href":"https:\/\/schmidfinanz.de\/index.php?rest_route=\/wp\/v2\/types\/page"}],"author":[{"embeddable":true,"href":"https:\/\/schmidfinanz.de\/index.php?rest_route=\/wp\/v2\/users\/1"}],"replies":[{"embeddable":true,"href":"https:\/\/schmidfinanz.de\/index.php?rest_route=%2Fwp%2Fv2%2Fcomments&post=209"}],"version-history":[{"count":8,"href":"https:\/\/schmidfinanz.de\/index.php?rest_route=\/wp\/v2\/pages\/209\/revisions"}],"predecessor-version":[{"id":217,"href":"https:\/\/schmidfinanz.de\/index.php?rest_route=\/wp\/v2\/pages\/209\/revisions\/217"}],"wp:attachment":[{"href":"https:\/\/schmidfinanz.de\/index.php?rest_route=%2Fwp%2Fv2%2Fmedia&parent=209"}],"curies":[{"name":"wp","href":"https:\/\/api.w.org\/{rel}","templated":true}]}}